{"id":2,"date":"2013-09-27T20:54:16","date_gmt":"2013-09-27T18:54:16","guid":{"rendered":"http:\/\/notisblokk.de\/?page_id=2"},"modified":"2020-06-01T12:56:20","modified_gmt":"2020-06-01T11:56:20","slug":"beispiel-seite","status":"publish","type":"page","link":"https:\/\/notisblokk.de\/?page_id=2","title":{"rendered":"Notisblokk"},"content":{"rendered":"<p>Das Blog habe ich im Jahre 2007 nach unserem Umzug nach Norwegen begonnen. Regelm\u00e4\u00dfig erscheinen neue kleine Dramuletten wobei regelm\u00e4\u00dfig zwischen t\u00e4glich und j\u00e4hrlich schwankt.<\/p>\n<p>Holger Blauhut<br \/>\nnotis-at-notisblokk.de<\/p>\n","protected":false},"excerpt":{"rendered":"<p>Das Blog habe ich im Jahre 2007 nach unserem Umzug nach Norwegen begonnen. Regelm\u00e4\u00dfig erscheinen neue kleine Dramuletten wobei regelm\u00e4\u00dfig zwischen t\u00e4glich und j\u00e4hrlich schwankt. Holger Blauhut notis-at-notisblokk.de<\/p>\n","protected":false},"author":1,"featured_media":0,"parent":0,"menu_order":0,"comment_status":"open","ping_status":"open","template":"","meta":{"footnotes":""},"class_list":["post-2","page","type-page","status-publish","hentry"],"_links":{"self":[{"href":"https:\/\/notisblokk.de\/index.php?rest_route=\/wp\/v2\/pages\/2","targetHints":{"allow":["GET"]}}],"collection":[{"href":"https:\/\/notisblokk.de\/index.php?rest_route=\/wp\/v2\/pages"}],"about":[{"href":"https:\/\/notisblokk.de\/index.php?rest_route=\/wp\/v2\/types\/page"}],"author":[{"embeddable":true,"href":"https:\/\/notisblokk.de\/index.php?rest_route=\/wp\/v2\/users\/1"}],"replies":[{"embeddable":true,"href":"https:\/\/notisblokk.de\/index.php?rest_route=%2Fwp%2Fv2%2Fcomments&post=2"}],"version-history":[{"count":5,"href":"https:\/\/notisblokk.de\/index.php?rest_route=\/wp\/v2\/pages\/2\/revisions"}],"predecessor-version":[{"id":904,"href":"https:\/\/notisblokk.de\/index.php?rest_route=\/wp\/v2\/pages\/2\/revisions\/904"}],"wp:attachment":[{"href":"https:\/\/notisblokk.de\/index.php?rest_route=%2Fwp%2Fv2%2Fmedia&parent=2"}],"curies":[{"name":"wp","href":"https:\/\/api.w.org\/{rel}","templated":true}]}}